{"id":532,"date":"2019-10-21T12:07:20","date_gmt":"2019-10-21T10:07:20","guid":{"rendered":"http:\/\/www.politeamacatanzaro.net\/?page_id=532"},"modified":"2023-01-24T16:35:00","modified_gmt":"2023-01-24T15:35:00","slug":"il-teatro-mario-foglietti","status":"publish","type":"page","link":"https:\/\/www.politeamacatanzaro.net\/?page_id=532","title":{"rendered":"IL TEATRO MARIO FOGLIETTI"},"content":{"rendered":"\t\t<div data-elementor-type=\"wp-page\" data-elementor-id=\"532\" class=\"elementor elementor-532\">\n\t\t\t\t\t\t<section class=\"elementor-section elementor-top-section elementor-element elementor-element-d66c9ad elementor-section-stretched elementor-section-full_width elementor-section-height-default elementor-section-height-default\" data-id=\"d66c9ad\" data-element_type=\"section\" data-e-type=\"section\" data-settings=\"{&quot;stretch_section&quot;:&quot;section-stretched&quot;}\">\n\t\t\t\t\t\t<div class=\"elementor-container elementor-column-gap-default\">\n\t\t\t\t\t<div class=\"elementor-column elementor-col-100 elementor-top-column elementor-element elementor-element-44c5244\" data-id=\"44c5244\" data-element_type=\"column\" data-e-type=\"column\">\n\t\t\t<div class=\"elementor-widget-wrap elementor-element-populated\">\n\t\t\t\t\t\t<div class=\"elementor-element elementor-element-bebb1c5 elementor-widget elementor-widget-shortcode\" data-id=\"bebb1c5\" data-element_type=\"widget\" data-e-type=\"widget\" data-widget_type=\"shortcode.default\">\n\t\t\t\t<div class=\"elementor-widget-container\">\n\t\t\t\t\t\t\t<div class=\"elementor-shortcode\">\t\t<div data-elementor-type=\"wp-post\" data-elementor-id=\"631\" class=\"elementor elementor-631\">\n\t\t\t\t\t\t<section class=\"elementor-section elementor-top-section elementor-element elementor-element-0dd695e elementor-section-stretched elementor-section-full_width elementor-section-height-min-height elementor-section-height-default elementor-section-items-middle\" data-id=\"0dd695e\" data-element_type=\"section\" data-e-type=\"section\" data-settings=\"{&quot;stretch_section&quot;:&quot;section-stretched&quot;,&quot;background_background&quot;:&quot;classic&quot;}\">\n\t\t\t\t\t\t\t<div class=\"elementor-background-overlay\"><\/div>\n\t\t\t\t\t\t\t<div class=\"elementor-container elementor-column-gap-default\">\n\t\t\t\t\t<div class=\"elementor-column elementor-col-100 elementor-top-column elementor-element elementor-element-e5f375e\" data-id=\"e5f375e\" data-element_type=\"column\" data-e-type=\"column\">\n\t\t\t<div class=\"elementor-widget-wrap\">\n\t\t\t\t\t\t\t<\/div>\n\t\t<\/div>\n\t\t\t\t\t<\/div>\n\t\t<\/section>\n\t\t\t\t<\/div>\n\t\t<\/div>\n\t\t\t\t\t\t<\/div>\n\t\t\t\t<\/div>\n\t\t\t\t\t<\/div>\n\t\t<\/div>\n\t\t\t\t\t<\/div>\n\t\t<\/section>\n\t\t\t\t<section class=\"elementor-section elementor-top-section elementor-element elementor-element-29f19a12 elementor-section-full_width elementor-section-height-default elementor-section-height-default\" data-id=\"29f19a12\" data-element_type=\"section\" data-e-type=\"section\">\n\t\t\t\t\t\t<div class=\"elementor-container elementor-column-gap-default\">\n\t\t\t\t\t<div class=\"elementor-column elementor-col-50 elementor-top-column elementor-element elementor-element-3c9f30b2\" data-id=\"3c9f30b2\" data-element_type=\"column\" data-e-type=\"column\">\n\t\t\t<div class=\"elementor-widget-wrap elementor-element-populated\">\n\t\t\t\t\t\t<div class=\"elementor-element elementor-element-14e51a92 elementor-widget elementor-widget-text-editor\" data-id=\"14e51a92\" data-element_type=\"widget\" data-e-type=\"widget\" data-widget_type=\"text-editor.default\">\n\t\t\t\t<div class=\"elementor-widget-container\">\n\t\t\t\t\t\t\t\t\t<h2>Il Teatro Mario Foglietti<\/h2><p class=\"font-italic text-muted\"><em>di Sergio Dragone:<\/em><\/p><p class=\"text-justify\">Il Politeama di Catanzaro \u00e8 il pi\u00f9 giovane tra i grandi teatri italiani. Ma la sua fresca ed esaltante esperienza affonda le radici nell&#8217;antica tradizione teatrale cittadina che ebbe nel Teatro Real Francesco, poi Teatro Comunale, il suo cuore pulsante, schiantato dal piccone demolitore nei primi mesi del 1938, dopo 108 anni di vita.<\/p><p class=\"text-justify\">&#8220;Ed ora ? Ora ti rompi, ti sfaldi, ti sfasci, ti distruggi. E certo in ogni rumore che fai, in ogni cigolio con cui ti scardini, in ogni stridore con cui ti spezzi, in ogni colpo con cui parte di te cade su te stesso, tu dici, tu ripeti qualche cosa della tua vita secolare. E noi, passando, ti guardiamo con rammarico, con rimpianto, con pianto&#8221;.<\/p><p class=\"text-justify\">\u00c8, forse, il passo pi\u00f9 struggente della lirica di Giuseppe Casalinuovo, avvocato e poeta, dedicata a quell&#8217;evento, cos\u00ec forte e cruento, destinato a segnare negativamente la vita culturale della Citt\u00e0 per i successivi sessanta anni. Un evento che, toccando direttamente un simbolo, sia pur decadente, dell&#8217;identit\u00e0 cittadina, inevitabilmente divise a met\u00e0 l&#8217;opinione pubblica, contrapponendo i fautori della modernit\u00e0 ad ogni costo ai difensori della tradizione. Due esempi.<\/p><p class=\"text-justify\">La Giovine Calabria del 26 febbraio 1938: abbiamo salutato gi\u00e0 in precedenza con calore e soddisfazione i colpi di piccone che ne hanno iniziato la demolizione. Senza rimpianti o sentimentalismi fuori luogo, ma anzi con entusiasmo, perch\u00e9 abbiamo sostenuto per vario tempo la necessit\u00e0 di abbattere il vecchio teatro.<\/p><p class=\"text-justify\">Giovanni Patari in &#8220;Catanzaro d&#8217;altri tempi&#8221;: assisto con melanconico sguardo al lento trasparire del vecchio, secolare edificio E la piazza ampia che, sparito il teatro e le case vicine, ne verr\u00e0, certo sar\u00e0 pi\u00f9 bella e assolata, nuovi edifici che ad essa faranno da cornice, saranno magnifici nella loro scheletrica linea dallo stile &#8216;900. Sar\u00e0 di sicuro questo stile pi\u00f9 armonioso architettonicamente, ma, senza che io posi a laudatore brontolone del tempo passato, con lo sparire del vecchio teatro, sento che finisce qualche cosa che mi appartiene; un insieme della mia vita non breve ormai vissuta. E, in effetti, il vecchio Teatro Comunale o Teatro Real Francesco, ridotta imitazione architettonica del Teatro San Carlo di Napoli e quindi ribattezzato col nomignolo di Sancarlino &#8211; per oltre un secolo (1830-1938) aveva rappresentato il tempio della cultura cittadina. Realizzato su progetto di Vincenzo De Grazia, l&#8217;edificio venne inaugurato nel dicembre del 1830 con la rappresentazione della Serva Padrona di Pergolesi. Sul palcoscenico catanzarese furono rappresentate, nell&#8217;arco della sua lunga vita, le opere liriche dei maggiori compositori italiani, da Donizetti a Bellini, da Verdi a Puccini, da Mascagni a Leoncavallo, e stranieri, da Bizet a Gounod, da Meyerbeer a Thomas.<\/p><p class=\"text-justify\">Vi recitarono le migliori compagnie italiane di prosa e gli attori pi\u00f9 a la page, soprattutto nei primi anni del Novecento: Giovanni Emanuel, Ermete Novelli, Ermete Zacconi, Annibale Ninchi, Carlo Titta, Nello Montagna, tutti nomi entrati di diritto nella storia del teatro italiano. Nel novembre del 1913, il Comunale di Catanzaro ospit\u00f2 un evento eccezionale, per quei tempi: la serata futurista , con la partecipazione del caposcuola di quel movimento artistico-ideologico, Filippo Tommaso Marinetti, che tenne una conferenza, seguita dalla rappresentazione della commedia, da lui stesso scritta, &#8220;Elettricit\u00e0&#8221;. Prevalse, nella disputa, la scelta politica e il cadente Teatro Comunale venne inesorabilmente abbattuto (lo stesso accadr\u00e0 negli anni Settanta con la &#8220;strettoia&#8221; di corso Mazzini) per fare posto a edifici pi\u00f9 belli e moderni.<\/p><p class=\"text-justify\">Intanto, cresceva il ruolo del cine-teatro Politeama Italia, uno dei primi edifici in cemento armato, che nel 1930 ospit\u00f2 una piccola, ma significativa stagione lirica, in cui venne rappresentata anche l&#8217; Adriana Lecouvreur di Francesco Cilea, alla presenza dell&#8217;autore. Catanzaro dovette attendere pi\u00f9 di sessanta anni dalla demolizione del Sancarlino per riavere un suo teatro pubblico. La lunga ferita \u00e8 stata sanata dal nuovo Teatro Politeama, creatura prediletta di Paolo Portoghesi, uno dei maestri dell&#8217;architettura contemporanea. Il Teatro Lirico di Catanzaro (cos\u00ec ama definirlo il maestro) \u00e8 un edificio dalla struttura rigorosa e compatta, articolato nelle tre sezioni funzionali del foyer, della sala e della torre scenica.<\/p><p class=\"text-justify\">Nella creazione di Portoghesi , che gi\u00e0 aveva portato avanti una profonda ricerca sui manufatti per lo spettacolo (si pensi ai progetti di concorso per il Lirico di Cagliari o per il &#8220;Puccini&#8221; di Torre del Lago), c&#8217;\u00e8 un proliferare di richiami al mondo biologico e botanico, di elementi dell&#8217;architettura classica e frammenti di sperimentazioni avanguardistiche. Se si volesse individuare un tema architettonico prevalente nel Politeama di Catanzaro, la mente correrebbe alla rappresentazione trasfigurata del corpo umano lanciato nel gesto di un abbraccio ( o di un granchio che tende le sue chele) creata dall&#8217;insieme della facciata e della cupola.<\/p><p class=\"text-justify\">D&#8217;altronde, Portoghesi non ha mai fatto mistero di riconoscersi nella natura e nelle sue forme, tanto da avere codificato questa sua visione nel saggio Natura e Architettura del 1998. E cos\u00ec, nel teatro catanzarese, troviamo una moltitudine di segni e metafore: l&#8217;albero, il cielo, l&#8217;acqua, il vento, le stelle, la stessa, scenografica conchiglia che chiude in alto la sala. Il Politeama \u00e8 anche e soprattutto &#8220;casa del suono&#8221;, con l&#8217;utilizzazione delle forme di strumenti classici come la lira o il violino per le balconate e il richiamo, nei disegni delle stoffe, al misterioso rapporto tra numeri e musica. La struttura del teatro ruota, come detto, intorno alla sala a forma di ferro di cavallo. L&#8217;architetto si \u00e8 attenuto, sotto questo aspetto, alla tradizione del teatro classico all&#8217;italiana. E cos\u00ec il parterre, che contiene ordini di posti per 380 spettatori, segue un movimento ondulatorio su una superficie quasi concava. Lungo la linea curva della sala, si affacciano i cinque ordini di palchi, decorati da stelle a sette punte (anche questo \u00e8 un simbolo musicale) e che possono ospitare altri 550 spettatori. Il palcoscenico , con le sue ampie dimensioni e le sue dotazioni tecnologiche, consente lo svolgimento dei vari generi di spettacolo, dalla grande lirica alla sinfonica, dalla danza all&#8217;operetta, dalla prosa al musical.<\/p><p class=\"text-justify\">Il Politeama, dunque, risarcisce la citt\u00e0 di una pesante perdita. Catanzaro e il suo teatro pubblico hanno ripreso a camminare insieme, verso il futuro, nell&#8217;indimenticabile serata del 29 novembre del 2002, sulle ali del V\u00e0 Pensiero.<\/p><hr \/><p>\u00a0<\/p>\t\t\t\t\t\t\t\t<\/div>\n\t\t\t\t<\/div>\n\t\t\t\t\t<\/div>\n\t\t<\/div>\n\t\t\t\t<div class=\"elementor-column elementor-col-50 elementor-top-column elementor-element elementor-element-04d6213\" data-id=\"04d6213\" data-element_type=\"column\" data-e-type=\"column\">\n\t\t\t<div class=\"elementor-widget-wrap elementor-element-populated\">\n\t\t\t\t\t\t<div class=\"elementor-element elementor-element-2079f27 elementor-widget elementor-widget-shortcode\" data-id=\"2079f27\" data-element_type=\"widget\" data-e-type=\"widget\" data-widget_type=\"shortcode.default\">\n\t\t\t\t<div class=\"elementor-widget-container\">\n\t\t\t\t\t\t\t<div class=\"elementor-shortcode\"><div class=\"menuft\">\r\n\t<h3>LINKS UTILI<\/h3>\r\n<ul>\r\n \t<li><a href=\"http:\/\/www.politeamacatanzaro.net\/?page_id=509\">La Fondazione<\/a><\/li>\r\n \t<li><a href=\"http:\/\/www.politeamacatanzaro.net\/?page_id=532\">Il Teatro Mario Foglietti<\/a><\/li>\r\n \t<li><a href=\"http:\/\/www.politeamacatanzaro.net\/?page_id=521\">Consiglio d\u2019Amministrazione<\/a><\/li>\r\n \t<li><a href=\"http:\/\/www.politeamacatanzaro.net\/?page_id=517\">Direttore Generale<\/a><\/li>\r\n \t<li><a href=\"http:\/\/www.politeamacatanzaro.net\/?page_id=513\">Sovrintendente<\/a><\/li>\r\n \t<li><a href=\"http:\/\/www.politeamacatanzaro.net\/?page_id=526\">Ufficio Stampa<\/a><\/li>\r\n \t<li><a href=\"http:\/\/www.politeamacatanzaro.net\/?page_id=529\">Staff<\/a><\/li>\r\n<\/ul>\r\n<\/div><\/div>\n\t\t\t\t\t\t<\/div>\n\t\t\t\t<\/div>\n\t\t\t\t\t<\/div>\n\t\t<\/div>\n\t\t\t\t\t<\/div>\n\t\t<\/section>\n\t\t\t\t<\/div>\n\t\t","protected":false},"excerpt":{"rendered":"<p>Il Teatro Mario Foglietti di Sergio Dragone: Il Politeama di Catanzaro \u00e8 il pi\u00f9 giovane tra i grandi teatri italiani. Ma la sua fresca ed esaltante esperienza affonda le radici nell&#8217;antica tradizione teatrale cittadina che ebbe nel Teatro Real Francesco, poi Teatro Comunale, il suo cuore pulsante, schiantato dal piccone demolitore nei primi mesi del [&hellip;]<\/p>\n","protected":false},"author":1,"featured_media":0,"parent":509,"menu_order":0,"comment_status":"closed","ping_status":"closed","template":"","meta":{"iawp_total_views":168,"footnotes":""},"class_list":["post-532","page","type-page","status-publish","hentry"],"_links":{"self":[{"href":"https:\/\/www.politeamacatanzaro.net\/index.php?rest_route=\/wp\/v2\/pages\/532"}],"collection":[{"href":"https:\/\/www.politeamacatanzaro.net\/index.php?rest_route=\/wp\/v2\/pages"}],"about":[{"href":"https:\/\/www.politeamacatanzaro.net\/index.php?rest_route=\/wp\/v2\/types\/page"}],"author":[{"embeddable":true,"href":"https:\/\/www.politeamacatanzaro.net\/index.php?rest_route=\/wp\/v2\/users\/1"}],"replies":[{"embeddable":true,"href":"https:\/\/www.politeamacatanzaro.net\/index.php?rest_route=%2Fwp%2Fv2%2Fcomments&post=532"}],"version-history":[{"count":8,"href":"https:\/\/www.politeamacatanzaro.net\/index.php?rest_route=\/wp\/v2\/pages\/532\/revisions"}],"predecessor-version":[{"id":3186,"href":"https:\/\/www.politeamacatanzaro.net\/index.php?rest_route=\/wp\/v2\/pages\/532\/revisions\/3186"}],"up":[{"embeddable":true,"href":"https:\/\/www.politeamacatanzaro.net\/index.php?rest_route=\/wp\/v2\/pages\/509"}],"wp:attachment":[{"href":"https:\/\/www.politeamacatanzaro.net\/index.php?rest_route=%2Fwp%2Fv2%2Fmedia&parent=532"}],"curies":[{"name":"wp","href":"https:\/\/api.w.org\/{rel}","templated":true}]}}