{"id":5067,"date":"2025-10-29T14:43:14","date_gmt":"2025-10-29T13:43:14","guid":{"rendered":"https:\/\/www.politeamacatanzaro.net\/?page_id=5067"},"modified":"2025-10-29T15:48:12","modified_gmt":"2025-10-29T14:48:12","slug":"disposizioni-generali","status":"publish","type":"page","link":"https:\/\/www.politeamacatanzaro.net\/?page_id=5067","title":{"rendered":"Disposizioni generali"},"content":{"rendered":"\t\t<div data-elementor-type=\"wp-page\" data-elementor-id=\"5067\" class=\"elementor elementor-5067\">\n\t\t\t\t\t\t<section class=\"elementor-section elementor-top-section elementor-element elementor-element-88ba6e3 elementor-section-stretched elementor-section-full_width elementor-section-height-default elementor-section-height-default\" data-id=\"88ba6e3\" data-element_type=\"section\" data-e-type=\"section\" data-settings=\"{&quot;stretch_section&quot;:&quot;section-stretched&quot;}\">\n\t\t\t\t\t\t<div class=\"elementor-container elementor-column-gap-default\">\n\t\t\t\t\t<div class=\"elementor-column elementor-col-100 elementor-top-column elementor-element elementor-element-bf55c8f\" data-id=\"bf55c8f\" data-element_type=\"column\" data-e-type=\"column\">\n\t\t\t<div class=\"elementor-widget-wrap elementor-element-populated\">\n\t\t\t\t\t\t<div class=\"elementor-element elementor-element-7b4f3c9 elementor-widget elementor-widget-shortcode\" data-id=\"7b4f3c9\" data-element_type=\"widget\" data-e-type=\"widget\" data-widget_type=\"shortcode.default\">\n\t\t\t\t<div class=\"elementor-widget-container\">\n\t\t\t\t\t\t\t<div class=\"elementor-shortcode\">\t\t<div data-elementor-type=\"wp-post\" data-elementor-id=\"631\" class=\"elementor elementor-631\">\n\t\t\t\t\t\t<section class=\"elementor-section elementor-top-section elementor-element elementor-element-0dd695e elementor-section-stretched elementor-section-full_width elementor-section-height-min-height elementor-section-height-default elementor-section-items-middle\" data-id=\"0dd695e\" data-element_type=\"section\" data-e-type=\"section\" data-settings=\"{&quot;stretch_section&quot;:&quot;section-stretched&quot;,&quot;background_background&quot;:&quot;classic&quot;}\">\n\t\t\t\t\t\t\t<div class=\"elementor-background-overlay\"><\/div>\n\t\t\t\t\t\t\t<div class=\"elementor-container elementor-column-gap-default\">\n\t\t\t\t\t<div class=\"elementor-column elementor-col-100 elementor-top-column elementor-element elementor-element-e5f375e\" data-id=\"e5f375e\" data-element_type=\"column\" data-e-type=\"column\">\n\t\t\t<div class=\"elementor-widget-wrap\">\n\t\t\t\t\t\t\t<\/div>\n\t\t<\/div>\n\t\t\t\t\t<\/div>\n\t\t<\/section>\n\t\t\t\t<\/div>\n\t\t<\/div>\n\t\t\t\t\t\t<\/div>\n\t\t\t\t<\/div>\n\t\t\t\t\t<\/div>\n\t\t<\/div>\n\t\t\t\t\t<\/div>\n\t\t<\/section>\n\t\t\t\t<section class=\"elementor-section elementor-top-section elementor-element elementor-element-ef1a2de elementor-section-full_width elementor-section-height-default elementor-section-height-default\" data-id=\"ef1a2de\" data-element_type=\"section\" data-e-type=\"section\">\n\t\t\t\t\t\t<div class=\"elementor-container elementor-column-gap-default\">\n\t\t\t\t\t<div class=\"elementor-column elementor-col-50 elementor-top-column elementor-element elementor-element-c924488\" data-id=\"c924488\" data-element_type=\"column\" data-e-type=\"column\">\n\t\t\t<div class=\"elementor-widget-wrap elementor-element-populated\">\n\t\t\t\t\t\t<div class=\"elementor-element elementor-element-b631d32 elementor-icon-list--layout-traditional elementor-list-item-link-full_width elementor-widget elementor-widget-icon-list\" data-id=\"b631d32\" data-element_type=\"widget\" data-e-type=\"widget\" data-widget_type=\"icon-list.default\">\n\t\t\t\t<div class=\"elementor-widget-container\">\n\t\t\t\t\t\t\t<ul class=\"elementor-icon-list-items\">\n\t\t\t\t\t\t\t<li class=\"elementor-icon-list-item\">\n\t\t\t\t\t\t\t\t\t\t\t<span class=\"elementor-icon-list-icon\">\n\t\t\t\t\t\t\t<i aria-hidden=\"true\" class=\"far fa-clipboard\"><\/i>\t\t\t\t\t\t<\/span>\n\t\t\t\t\t\t\t\t\t\t<span class=\"elementor-icon-list-text\">Disposizioni Generali<\/span>\n\t\t\t\t\t\t\t\t\t<\/li>\n\t\t\t\t\t\t<\/ul>\n\t\t\t\t\t\t<\/div>\n\t\t\t\t<\/div>\n\t\t\t\t<div class=\"elementor-element elementor-element-56f0245 elementor-icon-list--layout-traditional elementor-list-item-link-full_width elementor-widget elementor-widget-icon-list\" data-id=\"56f0245\" data-element_type=\"widget\" data-e-type=\"widget\" data-widget_type=\"icon-list.default\">\n\t\t\t\t<div class=\"elementor-widget-container\">\n\t\t\t\t\t\t\t<ul class=\"elementor-icon-list-items\">\n\t\t\t\t\t\t\t<li class=\"elementor-icon-list-item\">\n\t\t\t\t\t\t\t\t\t\t\t<a href=\"https:\/\/www.politeamacatanzaro.net\/wp-content\/uploads\/2022\/06\/Politeama_Codice-Etico_Rev.-1-aprile-2022.pdf\" target=\"_blank\">\n\n\t\t\t\t\t\t\t\t\t\t\t\t<span class=\"elementor-icon-list-icon\">\n\t\t\t\t\t\t\t<i aria-hidden=\"true\" class=\"far fa-file-pdf\"><\/i>\t\t\t\t\t\t<\/span>\n\t\t\t\t\t\t\t\t\t\t<span class=\"elementor-icon-list-text\">Politeama Codice Etico Rev. 1 aprile 2022<\/span>\n\t\t\t\t\t\t\t\t\t\t\t<\/a>\n\t\t\t\t\t\t\t\t\t<\/li>\n\t\t\t\t\t\t\t\t<li class=\"elementor-icon-list-item\">\n\t\t\t\t\t\t\t\t\t\t\t<a href=\"https:\/\/www.politeamacatanzaro.net\/wp-content\/uploads\/2022\/09\/atto_di_modifica_statuto_compress.pdf\" target=\"_blank\">\n\n\t\t\t\t\t\t\t\t\t\t\t\t<span class=\"elementor-icon-list-icon\">\n\t\t\t\t\t\t\t<i aria-hidden=\"true\" class=\"fas fa-file-pdf\"><\/i>\t\t\t\t\t\t<\/span>\n\t\t\t\t\t\t\t\t\t\t<span class=\"elementor-icon-list-text\">Statuto atto costitutivo Fondazione Politeama<\/span>\n\t\t\t\t\t\t\t\t\t\t\t<\/a>\n\t\t\t\t\t\t\t\t\t<\/li>\n\t\t\t\t\t\t\t\t<li class=\"elementor-icon-list-item\">\n\t\t\t\t\t\t\t\t\t\t\t<a href=\"https:\/\/www.normattiva.it\/uri-res\/N2Ls?urn:nir:stato:legge:1990-08-07;241\" target=\"_blank\">\n\n\t\t\t\t\t\t\t\t\t\t\t\t<span class=\"elementor-icon-list-icon\">\n\t\t\t\t\t\t\t<i aria-hidden=\"true\" class=\"far fa-file-pdf\"><\/i>\t\t\t\t\t\t<\/span>\n\t\t\t\t\t\t\t\t\t\t<span class=\"elementor-icon-list-text\">LEGGE 7 AGOSTO 1990, N. 241 \u2013 \u201cNuove norme in materia di procedimento amministrativo e di diritto di accesso ai documenti amministrativi\u201d<\/span>\n\t\t\t\t\t\t\t\t\t\t\t<\/a>\n\t\t\t\t\t\t\t\t\t<\/li>\n\t\t\t\t\t\t\t\t<li class=\"elementor-icon-list-item\">\n\t\t\t\t\t\t\t\t\t\t\t<a href=\"https:\/\/www.normattiva.it\/uri-res\/N2Ls?urn:nir:stato:decreto.legislativo:2001;231\" target=\"_blank\">\n\n\t\t\t\t\t\t\t\t\t\t\t\t<span class=\"elementor-icon-list-icon\">\n\t\t\t\t\t\t\t<i aria-hidden=\"true\" class=\"fas fa-file-pdf\"><\/i>\t\t\t\t\t\t<\/span>\n\t\t\t\t\t\t\t\t\t\t<span class=\"elementor-icon-list-text\">DECRETO LEGISLATIVO 8 giugno 2001, n. 231 Disciplina della responsabilit\u00e0 amministrativa delle persone giuridiche, delle societ\u00e0 e delle associazioni anche prive di personalit\u00e0 giuridica<\/span>\n\t\t\t\t\t\t\t\t\t\t\t<\/a>\n\t\t\t\t\t\t\t\t\t<\/li>\n\t\t\t\t\t\t\t\t<li class=\"elementor-icon-list-item\">\n\t\t\t\t\t\t\t\t\t\t\t<a href=\"https:\/\/www.normattiva.it\/uri-res\/N2Ls?urn:nir:stato:decreto.legislativo:2012;190\" target=\"_blank\">\n\n\t\t\t\t\t\t\t\t\t\t\t\t<span class=\"elementor-icon-list-icon\">\n\t\t\t\t\t\t\t<i aria-hidden=\"true\" class=\"far fa-file-pdf\"><\/i>\t\t\t\t\t\t<\/span>\n\t\t\t\t\t\t\t\t\t\t<span class=\"elementor-icon-list-text\">LEGGE 6 novembre 2012, n. 190 Disposizioni per la prevenzione e la repressione della corruzione e dell\u2019illegalit\u00e0 nella pubblica amministrazione<\/span>\n\t\t\t\t\t\t\t\t\t\t\t<\/a>\n\t\t\t\t\t\t\t\t\t<\/li>\n\t\t\t\t\t\t\t\t<li class=\"elementor-icon-list-item\">\n\t\t\t\t\t\t\t\t\t\t\t<a href=\"https:\/\/www.normattiva.it\/uri-res\/N2Ls?urn:nir:stato:decreto.legislativo:2013-03-14;33\" target=\"_blank\">\n\n\t\t\t\t\t\t\t\t\t\t\t\t<span class=\"elementor-icon-list-icon\">\n\t\t\t\t\t\t\t<i aria-hidden=\"true\" class=\"fas fa-file-pdf\"><\/i>\t\t\t\t\t\t<\/span>\n\t\t\t\t\t\t\t\t\t\t<span class=\"elementor-icon-list-text\">DECRETO LEGISLATIVO 14 marzo 2013, n. 33 Riordino della disciplina riguardante il diritto di accesso civico e gli obblighi di pubblicit\u00e0, trasparenza e diffusione di informazioni da parte delle pubbliche amministrazioni<\/span>\n\t\t\t\t\t\t\t\t\t\t\t<\/a>\n\t\t\t\t\t\t\t\t\t<\/li>\n\t\t\t\t\t\t\t\t<li class=\"elementor-icon-list-item\">\n\t\t\t\t\t\t\t\t\t\t\t<a href=\"https:\/\/www.normattiva.it\/uri-res\/N2Ls?urn:nir:stato:decreto.legislativo:2013;039\" target=\"_blank\">\n\n\t\t\t\t\t\t\t\t\t\t\t\t<span class=\"elementor-icon-list-icon\">\n\t\t\t\t\t\t\t<i aria-hidden=\"true\" class=\"far fa-file-pdf\"><\/i>\t\t\t\t\t\t<\/span>\n\t\t\t\t\t\t\t\t\t\t<span class=\"elementor-icon-list-text\">DECRETO LEGISLATIVO 8 aprile 2013, n. 39 Disposizioni in materia di inconferibilit\u00e0 e incompatibilit\u00e0 di incarichi presso le pubbliche amministrazioni e presso gli enti privati in controllo pubblico<\/span>\n\t\t\t\t\t\t\t\t\t\t\t<\/a>\n\t\t\t\t\t\t\t\t\t<\/li>\n\t\t\t\t\t\t\t\t<li class=\"elementor-icon-list-item\">\n\t\t\t\t\t\t\t\t\t\t\t<a href=\"https:\/\/www.normattiva.it\/uri-res\/N2Ls?urn:nir:stato:decreto.legislativo:2016-05-25;97!vig=\" target=\"_blank\">\n\n\t\t\t\t\t\t\t\t\t\t\t\t<span class=\"elementor-icon-list-icon\">\n\t\t\t\t\t\t\t<i aria-hidden=\"true\" class=\"fas fa-file-pdf\"><\/i>\t\t\t\t\t\t<\/span>\n\t\t\t\t\t\t\t\t\t\t<span class=\"elementor-icon-list-text\">DECRETO LEGISLATIVO 25 maggio 2016, n. 97 Revisione e semplificazione delle disposizioni in materia di prevenzione della corruzione, pubblicit\u00e0 e trasparenza, correttivo della legge 6 novembre 2012, n. 190 e del decreto legislativo 14 marzo 2013, n. 33, ai sensi dell\u2019articolo 7 della legge 7 ago<\/span>\n\t\t\t\t\t\t\t\t\t\t\t<\/a>\n\t\t\t\t\t\t\t\t\t<\/li>\n\t\t\t\t\t\t<\/ul>\n\t\t\t\t\t\t<\/div>\n\t\t\t\t<\/div>\n\t\t\t\t\t<\/div>\n\t\t<\/div>\n\t\t\t\t<div class=\"elementor-column elementor-col-50 elementor-top-column elementor-element elementor-element-6dce671\" data-id=\"6dce671\" data-element_type=\"column\" data-e-type=\"column\">\n\t\t\t<div class=\"elementor-widget-wrap elementor-element-populated\">\n\t\t\t\t\t\t<div class=\"elementor-element elementor-element-b9c5410 elementor-widget elementor-widget-shortcode\" data-id=\"b9c5410\" data-element_type=\"widget\" data-e-type=\"widget\" data-widget_type=\"shortcode.default\">\n\t\t\t\t<div class=\"elementor-widget-container\">\n\t\t\t\t\t\t\t<div class=\"elementor-shortcode\"><div class=\"menuft\">\n\t<h3>Amministrazione trasparente<\/h3>\n<ul class=\"nav flex-column\">\n \t<li><a href=\"http:\/\/www.politeamacatanzaro.net\/?page_id=5067\">Disposizioni Generali<\/a><\/li>\n \t<li><a href=\"http:\/\/www.politeamacatanzaro.net\/?page_id=548\">Organizzazione<\/a><\/li>\n \t<li><a href=\"http:\/\/www.politeamacatanzaro.net\/?page_id=553\">Consulenti e Collaboratori<\/a><\/li>\n    <li><a href=\"http:\/\/www.politeamacatanzaro.net\/?page_id=2544\">Personale<\/a><\/li>\n\t<li><a href=\"http:\/\/www.politeamacatanzaro.net\/?page_id=4935\">Bandi di concorso<\/a><\/li>\n\t<li><a href=\"http:\/\/www.politeamacatanzaro.net\/?page_id=4937\">Enti controllati<\/a><\/li>\n\t<li><a  href=\"https:\/\/www.politeamacatanzaro.net\/?page_id=1824\">Bandi di gara e Contratti<\/a><\/li>\n\t<li><a  href=\"https:\/\/www.politeamacatanzaro.net\/?page_id=4939\">Sovvenzioni e contributi<\/a><\/li>\n\t<li><a href=\"http:\/\/www.politeamacatanzaro.net\/?page_id=559\">Bilanci<\/a><\/li>\n\t<li><a href=\"http:\/\/www.politeamacatanzaro.net\/?page_id=4943\">Beni Immobili<\/a><\/li>\n\t<li><a href=\"http:\/\/www.politeamacatanzaro.net\/?page_id=4945\">Controlli e rilievi<\/a><\/li>\n\t<li><a href=\"http:\/\/www.politeamacatanzaro.net\/?page_id=4947\">Servizi erogati<\/a><\/li>\n\t<li><a href=\"http:\/\/www.politeamacatanzaro.net\/?page_id=4949\">Pagamenti<\/a><\/li>\n\t<li><a href=\"http:\/\/www.politeamacatanzaro.net\/?page_id=4951\">Altri contenuti<\/a><\/li>\n<\/ul>\n<\/div><\/div>\n\t\t\t\t\t\t<\/div>\n\t\t\t\t<\/div>\n\t\t\t\t\t<\/div>\n\t\t<\/div>\n\t\t\t\t\t<\/div>\n\t\t<\/section>\n\t\t\t\t<\/div>\n\t\t","protected":false},"excerpt":{"rendered":"<p>Disposizioni Generali Politeama Codice Etico Rev. 1 aprile 2022 Statuto atto costitutivo Fondazione Politeama LEGGE 7 AGOSTO 1990, N. 241 \u2013 \u201cNuove norme in materia di procedimento amministrativo e di diritto di accesso ai documenti amministrativi\u201d DECRETO LEGISLATIVO 8 giugno 2001, n. 231 Disciplina della responsabilit\u00e0 amministrativa delle persone giuridiche, delle societ\u00e0 e delle associazioni [&hellip;]<\/p>\n","protected":false},"author":1,"featured_media":0,"parent":540,"menu_order":0,"comment_status":"closed","ping_status":"closed","template":"","meta":{"iawp_total_views":40,"footnotes":""},"class_list":["post-5067","page","type-page","status-publish","hentry"],"_links":{"self":[{"href":"https:\/\/www.politeamacatanzaro.net\/index.php?rest_route=\/wp\/v2\/pages\/5067"}],"collection":[{"href":"https:\/\/www.politeamacatanzaro.net\/index.php?rest_route=\/wp\/v2\/pages"}],"about":[{"href":"https:\/\/www.politeamacatanzaro.net\/index.php?rest_route=\/wp\/v2\/types\/page"}],"author":[{"embeddable":true,"href":"https:\/\/www.politeamacatanzaro.net\/index.php?rest_route=\/wp\/v2\/users\/1"}],"replies":[{"embeddable":true,"href":"https:\/\/www.politeamacatanzaro.net\/index.php?rest_route=%2Fwp%2Fv2%2Fcomments&post=5067"}],"version-history":[{"count":7,"href":"https:\/\/www.politeamacatanzaro.net\/index.php?rest_route=\/wp\/v2\/pages\/5067\/revisions"}],"predecessor-version":[{"id":5083,"href":"https:\/\/www.politeamacatanzaro.net\/index.php?rest_route=\/wp\/v2\/pages\/5067\/revisions\/5083"}],"up":[{"embeddable":true,"href":"https:\/\/www.politeamacatanzaro.net\/index.php?rest_route=\/wp\/v2\/pages\/540"}],"wp:attachment":[{"href":"https:\/\/www.politeamacatanzaro.net\/index.php?rest_route=%2Fwp%2Fv2%2Fmedia&parent=5067"}],"curies":[{"name":"wp","href":"https:\/\/api.w.org\/{rel}","templated":true}]}}