{"id":4515,"date":"2025-04-12T10:33:53","date_gmt":"2025-04-12T08:33:53","guid":{"rendered":"https:\/\/www.politeamacatanzaro.net\/?page_id=4515"},"modified":"2025-04-15T15:13:43","modified_gmt":"2025-04-15T13:13:43","slug":"derniers-feux","status":"publish","type":"page","link":"https:\/\/www.politeamacatanzaro.net\/?page_id=4515","title":{"rendered":"Derniers Feux"},"content":{"rendered":"\t\t<div data-elementor-type=\"wp-page\" data-elementor-id=\"4515\" class=\"elementor elementor-4515\">\n\t\t\t\t\t\t<section class=\"elementor-section elementor-top-section elementor-element elementor-element-48be2d3 elementor-section-boxed elementor-section-height-default elementor-section-height-default\" data-id=\"48be2d3\" data-element_type=\"section\" data-e-type=\"section\">\n\t\t\t\t\t\t<div class=\"elementor-container elementor-column-gap-default\">\n\t\t\t\t\t<div class=\"elementor-column elementor-col-100 elementor-top-column elementor-element elementor-element-50197ea\" data-id=\"50197ea\" data-element_type=\"column\" data-e-type=\"column\">\n\t\t\t<div class=\"elementor-widget-wrap elementor-element-populated\">\n\t\t\t\t\t\t<section class=\"elementor-section elementor-inner-section elementor-element elementor-element-49f99ca elementor-section-boxed elementor-section-height-default elementor-section-height-default\" data-id=\"49f99ca\" data-element_type=\"section\" data-e-type=\"section\">\n\t\t\t\t\t\t<div class=\"elementor-container elementor-column-gap-default\">\n\t\t\t\t\t<div class=\"elementor-column elementor-col-100 elementor-inner-column elementor-element elementor-element-26d2867\" data-id=\"26d2867\" data-element_type=\"column\" data-e-type=\"column\">\n\t\t\t<div class=\"elementor-widget-wrap\">\n\t\t\t\t\t\t\t<\/div>\n\t\t<\/div>\n\t\t\t\t\t<\/div>\n\t\t<\/section>\n\t\t\t\t<section class=\"elementor-section elementor-inner-section elementor-element elementor-element-418cc65 elementor-section-boxed elementor-section-height-default elementor-section-height-default\" data-id=\"418cc65\" data-element_type=\"section\" data-e-type=\"section\">\n\t\t\t\t\t\t<div class=\"elementor-container elementor-column-gap-default\">\n\t\t\t\t\t<div class=\"elementor-column elementor-col-50 elementor-inner-column elementor-element elementor-element-80b98fc\" data-id=\"80b98fc\" data-element_type=\"column\" data-e-type=\"column\">\n\t\t\t<div class=\"elementor-widget-wrap elementor-element-populated\">\n\t\t\t\t\t\t<div class=\"elementor-element elementor-element-098ac59 elementor-widget elementor-widget-heading\" data-id=\"098ac59\" data-element_type=\"widget\" data-e-type=\"widget\" data-widget_type=\"heading.default\">\n\t\t\t\t<div class=\"elementor-widget-container\">\n\t\t\t\t\t<h1 class=\"elementor-heading-title elementor-size-default\">Derniers Feux<\/h1>\t\t\t\t<\/div>\n\t\t\t\t<\/div>\n\t\t\t\t<div class=\"elementor-element elementor-element-6d4df7c elementor-widget elementor-widget-text-editor\" data-id=\"6d4df7c\" data-element_type=\"widget\" data-e-type=\"widget\" data-widget_type=\"text-editor.default\">\n\t\t\t\t<div class=\"elementor-widget-container\">\n\t\t\t\t\t\t\t\t\t<p>NEMO FLOURET (FRA)<br \/>restituzione del lavoro in residenza <\/p>\t\t\t\t\t\t\t\t<\/div>\n\t\t\t\t<\/div>\n\t\t\t\t<div class=\"elementor-element elementor-element-f8be233 elementor-icon-list--layout-traditional elementor-list-item-link-full_width elementor-widget elementor-widget-icon-list\" data-id=\"f8be233\" data-element_type=\"widget\" data-e-type=\"widget\" data-widget_type=\"icon-list.default\">\n\t\t\t\t<div class=\"elementor-widget-container\">\n\t\t\t\t\t\t\t<ul class=\"elementor-icon-list-items\">\n\t\t\t\t\t\t\t<li class=\"elementor-icon-list-item\">\n\t\t\t\t\t\t\t\t\t\t\t<span class=\"elementor-icon-list-icon\">\n\t\t\t\t\t\t\t<i aria-hidden=\"true\" class=\"fas fa-map-marker-alt\"><\/i>\t\t\t\t\t\t<\/span>\n\t\t\t\t\t\t\t\t\t\t<span class=\"elementor-icon-list-text\">Terrazza del San Giovanni<\/span>\n\t\t\t\t\t\t\t\t\t<\/li>\n\t\t\t\t\t\t\t\t<li class=\"elementor-icon-list-item\">\n\t\t\t\t\t\t\t\t\t\t\t<span class=\"elementor-icon-list-icon\">\n\t\t\t\t\t\t\t<i aria-hidden=\"true\" class=\"far fa-calendar-alt\"><\/i>\t\t\t\t\t\t<\/span>\n\t\t\t\t\t\t\t\t\t\t<span class=\"elementor-icon-list-text\">Sabato 10 maggio <\/span>\n\t\t\t\t\t\t\t\t\t<\/li>\n\t\t\t\t\t\t\t\t<li class=\"elementor-icon-list-item\">\n\t\t\t\t\t\t\t\t\t\t\t<span class=\"elementor-icon-list-icon\">\n\t\t\t\t\t\t\t<i aria-hidden=\"true\" class=\"far fa-clock\"><\/i>\t\t\t\t\t\t<\/span>\n\t\t\t\t\t\t\t\t\t\t<span class=\"elementor-icon-list-text\">Ore 19.00 \u2013 durata 30\u2019<\/span>\n\t\t\t\t\t\t\t\t\t<\/li>\n\t\t\t\t\t\t\t\t<li class=\"elementor-icon-list-item\">\n\t\t\t\t\t\t\t\t\t\t\t<span class=\"elementor-icon-list-icon\">\n\t\t\t\t\t\t\t<i aria-hidden=\"true\" class=\"icon icon-enter\"><\/i>\t\t\t\t\t\t<\/span>\n\t\t\t\t\t\t\t\t\t\t<span class=\"elementor-icon-list-text\">Ingresso gratuito<\/span>\n\t\t\t\t\t\t\t\t\t<\/li>\n\t\t\t\t\t\t<\/ul>\n\t\t\t\t\t\t<\/div>\n\t\t\t\t<\/div>\n\t\t\t\t\t<\/div>\n\t\t<\/div>\n\t\t\t\t<div class=\"elementor-column elementor-col-50 elementor-inner-column elementor-element elementor-element-4a6a4db\" data-id=\"4a6a4db\" data-element_type=\"column\" data-e-type=\"column\">\n\t\t\t<div class=\"elementor-widget-wrap elementor-element-populated\">\n\t\t\t\t\t\t<div class=\"elementor-element elementor-element-3629310 elementor-widget elementor-widget-image\" data-id=\"3629310\" data-element_type=\"widget\" data-e-type=\"widget\" data-widget_type=\"image.default\">\n\t\t\t\t<div class=\"elementor-widget-container\">\n\t\t\t\t\t\t\t\t\t\t\t\t\t\t\t<img fetchpriority=\"high\" decoding=\"async\" width=\"683\" height=\"600\" src=\"https:\/\/www.politeamacatanzaro.net\/wp-content\/uploads\/2025\/04\/nemo_flouret_derniers_feux-min.jpg\" class=\"attachment-full size-full wp-image-4401\" alt=\"\" srcset=\"https:\/\/www.politeamacatanzaro.net\/wp-content\/uploads\/2025\/04\/nemo_flouret_derniers_feux-min.jpg 683w, https:\/\/www.politeamacatanzaro.net\/wp-content\/uploads\/2025\/04\/nemo_flouret_derniers_feux-min-300x264.jpg 300w\" sizes=\"(max-width: 683px) 100vw, 683px\" \/>\t\t\t\t\t\t\t\t\t\t\t\t\t\t\t<\/div>\n\t\t\t\t<\/div>\n\t\t\t\t\t<\/div>\n\t\t<\/div>\n\t\t\t\t\t<\/div>\n\t\t<\/section>\n\t\t\t\t<section class=\"elementor-section elementor-inner-section elementor-element elementor-element-b0fab7d elementor-section-boxed elementor-section-height-default elementor-section-height-default\" data-id=\"b0fab7d\" data-element_type=\"section\" data-e-type=\"section\">\n\t\t\t\t\t\t<div class=\"elementor-container elementor-column-gap-default\">\n\t\t\t\t\t<div class=\"elementor-column elementor-col-100 elementor-inner-column elementor-element elementor-element-91ba539\" data-id=\"91ba539\" data-element_type=\"column\" data-e-type=\"column\">\n\t\t\t<div class=\"elementor-widget-wrap elementor-element-populated\">\n\t\t\t\t\t\t<div class=\"elementor-element elementor-element-29a8641 elementor-widget elementor-widget-text-editor\" data-id=\"29a8641\" data-element_type=\"widget\" data-e-type=\"widget\" data-widget_type=\"text-editor.default\">\n\t\t\t\t<div class=\"elementor-widget-container\">\n\t\t\t\t\t\t\t\t\t<p><strong>Derniers Feux<\/strong>, creato da N\u00e9mo Flouret con dieci performer, musicisti, danzatrici, \u00e8 il risultato di una ricerca in corso sul fuoco d&#8217;artificio. L&#8217;arte della pirotecnica flirta con il pericolo e sfiora audacemente le immagini e i paesaggi sonori della guerra, ma allo stesso tempo, nel suo scopo, \u00e8 il simbolo supremo della celebrazione: i fuochi d&#8217;artificio si radunano, stupiscono e suscitano ricordi nostalgici. L\u2019idea non \u00e8 quella di eseguire uno spettacolo pirotecnico, ma di far esplodere i meccanismi della pirotecnica, come il tempo, l&#8217;emozione, l&#8217;astrazione, in una coreografia.<\/p><p>Grazie al supporto di Fondazione Politeama Citt\u00e0 di Catanzaro e IRA International Institute for Performing Arts, il lavoro sar\u00e0 in residenza in Calabria presso il Teatro Politeama e altre location dal 25 aprile al 10 maggio, giorno in cui aprir\u00e0 le porte del lavoro al pubblico. Lo spettacolo debutter\u00e0 alla Comedie de Geneve in giugno e sar\u00e0 poi presentato al Festival d\u2019Avignon, al Festival d\u2019Automne di Parigi, al Watermill Center di New York, al Tanz im August di Berlino e a Charleroi Dance di Bruxelles.<\/p><p><strong>Nemo Flouret<\/strong>: danzatore e coreografo di base a Bruxelles, sviluppa progetti site specific, performance che attraversano diversi media, solitamente in spazi ibridi al di fuori dei teatri come <em>For\u00eat <\/em>realizzato per il Mus\u00e9e du Louvre a Parigi. \u00c8 artista sostenuto da\u00a0 Van Cleef &amp; Arpels.<\/p><p><strong><em>Initiated by<\/em><\/strong> N\u00e9mo Flouret <em>Artistic collaboration<\/em> Tessa Hall <em>Musical direction<\/em> Rub\u00e9n Orio <em>Created with and performed by<\/em> Calvin Carrier, N\u00e9mo Flouret, Philom\u00e8ne Jander, Tessa Hall, Per Anders Kraudy Solli, Jean Lemersre, Rub\u00e9n Orio, Susana Santos Silva, Sophie S\u00e9n\u00e9caut, Wan-Lun Yu<\/p><p><em>Pyrotechnical coordination<\/em>Joseph Couturier \/ JCO Fireworks <em>Scenography<\/em> Philippe Quesne\u2028<em>Production and development <\/em>Margaux Roy\u2028<\/p><p><em>Produzione <\/em>Bleu printemps production\u2028<em>Coproduzione <\/em>Com\u00e9die de Gen\u00e8ve, Charleroi Danse, M\u00e9nagerie de Verre, Th\u00e9\u00e2tre Garonne, La Villette, Tanz im August, Fondazione Politeama Citt\u00e0 di Catanzaro, IRA Institute <em>Con il supporto di <\/em>Dance Reflections by Van Cleef &amp; Arpels, Watermill Center &#8211; New York, R\u00e9gion Centre-Val-de-Loire, Ville d\u2019Orl\u00e9ans, R\u00e9gion \u00cele de France<\/p>\t\t\t\t\t\t\t\t<\/div>\n\t\t\t\t<\/div>\n\t\t\t\t\t<\/div>\n\t\t<\/div>\n\t\t\t\t\t<\/div>\n\t\t<\/section>\n\t\t\t\t<section class=\"elementor-section elementor-inner-section elementor-element elementor-element-c39054f elementor-section-boxed elementor-section-height-default elementor-section-height-default\" data-id=\"c39054f\" data-element_type=\"section\" data-e-type=\"section\">\n\t\t\t\t\t\t<div class=\"elementor-container elementor-column-gap-default\">\n\t\t\t\t\t<div class=\"elementor-column elementor-col-50 elementor-inner-column elementor-element elementor-element-d766d27\" data-id=\"d766d27\" data-element_type=\"column\" data-e-type=\"column\">\n\t\t\t<div class=\"elementor-widget-wrap elementor-element-populated\">\n\t\t\t\t\t\t<div class=\"elementor-element elementor-element-e0d41d6 elementor-align-center elementor-mobile-align-center elementor-widget elementor-widget-button\" data-id=\"e0d41d6\" data-element_type=\"widget\" data-e-type=\"widget\" data-widget_type=\"button.default\">\n\t\t\t\t<div class=\"elementor-widget-container\">\n\t\t\t\t\t\t\t\t\t<div class=\"elementor-button-wrapper\">\n\t\t\t\t\t<a class=\"elementor-button elementor-button-link elementor-size-sm\" href=\"https:\/\/www.liveticket.it\/evento.aspx?Id=579134\" target=\"_blank\">\n\t\t\t\t\t\t<span class=\"elementor-button-content-wrapper\">\n\t\t\t\t\t\t\t\t\t<span class=\"elementor-button-text\">Prenota ora!<\/span>\n\t\t\t\t\t<\/span>\n\t\t\t\t\t<\/a>\n\t\t\t\t<\/div>\n\t\t\t\t\t\t\t\t<\/div>\n\t\t\t\t<\/div>\n\t\t\t\t\t<\/div>\n\t\t<\/div>\n\t\t\t\t<div class=\"elementor-column elementor-col-50 elementor-inner-column elementor-element elementor-element-0e082bb\" data-id=\"0e082bb\" data-element_type=\"column\" data-e-type=\"column\">\n\t\t\t<div class=\"elementor-widget-wrap elementor-element-populated\">\n\t\t\t\t\t\t<div class=\"elementor-element elementor-element-d2536d7 elementor-align-center elementor-mobile-align-center elementor-widget elementor-widget-button\" data-id=\"d2536d7\" data-element_type=\"widget\" data-e-type=\"widget\" data-widget_type=\"button.default\">\n\t\t\t\t<div class=\"elementor-widget-container\">\n\t\t\t\t\t\t\t\t\t<div class=\"elementor-button-wrapper\">\n\t\t\t\t\t<a class=\"elementor-button elementor-button-link elementor-size-sm\" href=\"https:\/\/www.politeamacatanzaro.net\/?page_id=4440\">\n\t\t\t\t\t\t<span class=\"elementor-button-content-wrapper\">\n\t\t\t\t\t\t\t\t\t<span class=\"elementor-button-text\">Indietro<\/span>\n\t\t\t\t\t<\/span>\n\t\t\t\t\t<\/a>\n\t\t\t\t<\/div>\n\t\t\t\t\t\t\t\t<\/div>\n\t\t\t\t<\/div>\n\t\t\t\t\t<\/div>\n\t\t<\/div>\n\t\t\t\t\t<\/div>\n\t\t<\/section>\n\t\t\t\t\t<\/div>\n\t\t<\/div>\n\t\t\t\t\t<\/div>\n\t\t<\/section>\n\t\t\t\t<\/div>\n\t\t","protected":false},"excerpt":{"rendered":"<p>Derniers Feux NEMO FLOURET (FRA)restituzione del lavoro in residenza Terrazza del San Giovanni Sabato 10 maggio Ore 19.00 \u2013 durata 30\u2019 Ingresso gratuito Derniers Feux, creato da N\u00e9mo Flouret con dieci performer, musicisti, danzatrici, \u00e8 il risultato di una ricerca in corso sul fuoco d&#8217;artificio. L&#8217;arte della pirotecnica flirta con il pericolo e sfiora audacemente [&hellip;]<\/p>\n","protected":false},"author":1,"featured_media":0,"parent":0,"menu_order":0,"comment_status":"closed","ping_status":"closed","template":"elementor_header_footer","meta":{"iawp_total_views":3,"footnotes":""},"class_list":["post-4515","page","type-page","status-publish","hentry"],"_links":{"self":[{"href":"https:\/\/www.politeamacatanzaro.net\/index.php?rest_route=\/wp\/v2\/pages\/4515"}],"collection":[{"href":"https:\/\/www.politeamacatanzaro.net\/index.php?rest_route=\/wp\/v2\/pages"}],"about":[{"href":"https:\/\/www.politeamacatanzaro.net\/index.php?rest_route=\/wp\/v2\/types\/page"}],"author":[{"embeddable":true,"href":"https:\/\/www.politeamacatanzaro.net\/index.php?rest_route=\/wp\/v2\/users\/1"}],"replies":[{"embeddable":true,"href":"https:\/\/www.politeamacatanzaro.net\/index.php?rest_route=%2Fwp%2Fv2%2Fcomments&post=4515"}],"version-history":[{"count":13,"href":"https:\/\/www.politeamacatanzaro.net\/index.php?rest_route=\/wp\/v2\/pages\/4515\/revisions"}],"predecessor-version":[{"id":4642,"href":"https:\/\/www.politeamacatanzaro.net\/index.php?rest_route=\/wp\/v2\/pages\/4515\/revisions\/4642"}],"wp:attachment":[{"href":"https:\/\/www.politeamacatanzaro.net\/index.php?rest_route=%2Fwp%2Fv2%2Fmedia&parent=4515"}],"curies":[{"name":"wp","href":"https:\/\/api.w.org\/{rel}","templated":true}]}}