{"id":4145,"date":"2024-12-04T18:29:57","date_gmt":"2024-12-04T17:29:57","guid":{"rendered":"https:\/\/www.politeamacatanzaro.net\/?page_id=4145"},"modified":"2025-04-11T17:24:49","modified_gmt":"2025-04-11T15:24:49","slug":"arturo-brachetti","status":"publish","type":"page","link":"https:\/\/www.politeamacatanzaro.net\/?page_id=4145","title":{"rendered":"Arturo Brachetti"},"content":{"rendered":"\t\t<div data-elementor-type=\"wp-page\" data-elementor-id=\"4145\" class=\"elementor elementor-4145\">\n\t\t\t\t\t\t<section class=\"elementor-section elementor-top-section elementor-element elementor-element-42e1f01 elementor-section-boxed elementor-section-height-default elementor-section-height-default\" data-id=\"42e1f01\" data-element_type=\"section\" data-e-type=\"section\">\n\t\t\t\t\t\t<div class=\"elementor-container elementor-column-gap-default\">\n\t\t\t\t\t<div class=\"elementor-column elementor-col-100 elementor-top-column elementor-element elementor-element-edc314e\" data-id=\"edc314e\" data-element_type=\"column\" data-e-type=\"column\">\n\t\t\t<div class=\"elementor-widget-wrap elementor-element-populated\">\n\t\t\t\t\t\t<section class=\"elementor-section elementor-inner-section elementor-element elementor-element-f91b84a animated-slow elementor-section-boxed elementor-section-height-default elementor-section-height-default elementor-invisible\" data-id=\"f91b84a\" data-element_type=\"section\" data-e-type=\"section\" data-settings=\"{&quot;background_background&quot;:&quot;classic&quot;,&quot;animation&quot;:&quot;fadeInRight&quot;}\">\n\t\t\t\t\t\t<div class=\"elementor-container elementor-column-gap-default\">\n\t\t\t\t\t<div class=\"elementor-column elementor-col-50 elementor-inner-column elementor-element elementor-element-fc4cc67\" data-id=\"fc4cc67\" data-element_type=\"column\" data-e-type=\"column\">\n\t\t\t<div class=\"elementor-widget-wrap elementor-element-populated\">\n\t\t\t\t\t\t<div class=\"elementor-element elementor-element-e6ea4e2 elementor-widget-tablet__width-initial elementor-widget elementor-widget-heading\" data-id=\"e6ea4e2\" data-element_type=\"widget\" data-e-type=\"widget\" data-widget_type=\"heading.default\">\n\t\t\t\t<div class=\"elementor-widget-container\">\n\t\t\t\t\t<h3 class=\"elementor-heading-title elementor-size-default\">26 Marzo 2025 ore 21:00<\/h3>\t\t\t\t<\/div>\n\t\t\t\t<\/div>\n\t\t\t\t<div class=\"elementor-element elementor-element-41481ab elementor-widget elementor-widget-heading\" data-id=\"41481ab\" data-element_type=\"widget\" data-e-type=\"widget\" data-widget_type=\"heading.default\">\n\t\t\t\t<div class=\"elementor-widget-container\">\n\t\t\t\t\t<h1 class=\"elementor-heading-title elementor-size-default\">ARTURO BRACHETTI<\/h1>\t\t\t\t<\/div>\n\t\t\t\t<\/div>\n\t\t\t\t<div class=\"elementor-element elementor-element-07e90b4 elementor-widget elementor-widget-text-editor\" data-id=\"07e90b4\" data-element_type=\"widget\" data-e-type=\"widget\" data-widget_type=\"text-editor.default\">\n\t\t\t\t<div class=\"elementor-widget-container\">\n\t\t\t\t\t\t\t\t\t<p><em>Solo.<\/em><br \/><em>The Legend of Quick-change.<\/em><\/p>\t\t\t\t\t\t\t\t<\/div>\n\t\t\t\t<\/div>\n\t\t\t\t\t<\/div>\n\t\t<\/div>\n\t\t\t\t<div class=\"elementor-column elementor-col-50 elementor-inner-column elementor-element elementor-element-c9d7cfb\" data-id=\"c9d7cfb\" data-element_type=\"column\" data-e-type=\"column\">\n\t\t\t<div class=\"elementor-widget-wrap elementor-element-populated\">\n\t\t\t\t\t\t<div class=\"elementor-element elementor-element-0d13367 elementor-widget elementor-widget-image\" data-id=\"0d13367\" data-element_type=\"widget\" data-e-type=\"widget\" data-widget_type=\"image.default\">\n\t\t\t\t<div class=\"elementor-widget-container\">\n\t\t\t\t\t\t\t\t\t\t\t\t\t\t\t<img fetchpriority=\"high\" decoding=\"async\" width=\"667\" height=\"668\" src=\"https:\/\/www.politeamacatanzaro.net\/wp-content\/uploads\/2024\/12\/brachetti-min.jpg\" class=\"attachment-full size-full wp-image-4053\" alt=\"\" srcset=\"https:\/\/www.politeamacatanzaro.net\/wp-content\/uploads\/2024\/12\/brachetti-min.jpg 667w, https:\/\/www.politeamacatanzaro.net\/wp-content\/uploads\/2024\/12\/brachetti-min-300x300.jpg 300w, https:\/\/www.politeamacatanzaro.net\/wp-content\/uploads\/2024\/12\/brachetti-min-150x150.jpg 150w\" sizes=\"(max-width: 667px) 100vw, 667px\" \/>\t\t\t\t\t\t\t\t\t\t\t\t\t\t\t<\/div>\n\t\t\t\t<\/div>\n\t\t\t\t\t<\/div>\n\t\t<\/div>\n\t\t\t\t\t<\/div>\n\t\t<\/section>\n\t\t\t\t<section class=\"elementor-section elementor-inner-section elementor-element elementor-element-1745105 animated-slow elementor-section-boxed elementor-section-height-default elementor-section-height-default elementor-invisible\" data-id=\"1745105\" data-element_type=\"section\" data-e-type=\"section\" data-settings=\"{&quot;background_background&quot;:&quot;classic&quot;,&quot;animation&quot;:&quot;fadeInRight&quot;}\">\n\t\t\t\t\t\t<div class=\"elementor-container elementor-column-gap-default\">\n\t\t\t\t\t<div class=\"elementor-column elementor-col-100 elementor-inner-column elementor-element elementor-element-0076910\" data-id=\"0076910\" data-element_type=\"column\" data-e-type=\"column\">\n\t\t\t<div class=\"elementor-widget-wrap elementor-element-populated\">\n\t\t\t\t\t\t<div class=\"elementor-element elementor-element-574cce2 elementor-widget elementor-widget-text-editor\" data-id=\"574cce2\" data-element_type=\"widget\" data-e-type=\"widget\" data-widget_type=\"text-editor.default\">\n\t\t\t\t<div class=\"elementor-widget-container\">\n\t\t\t\t\t\t\t\t\t<p>Arturo Brachetti torna a grande richiesta per l\u2019ottava stagione di Solo the Legend of quick change, one man show del pi\u00f9 grande trasformista al mondo, uno degli spettacoli pi\u00f9 applauditi degli ultimi anni nei teatri italiani ed europei, ogni volta profondamente rivisitato. Protagonista \u00e8 il trasformismo, quell\u2019arte che lo ha reso celebre in tutto il mondo e che qui la fa da padrone con oltre 65 personaggi, molti ideati appositamente per questo show, che appariranno davanti agli spettatori in un ritmo incalzante e coinvolgente. Reale e surreale, verit\u00e0 e finzione, magia e realt\u00e0: tutto \u00e8 possibile insieme ad Arturo Brachetti, il grande maestro che ha creato un variet\u00e0 surrealista e funambolico, in cui immergersi lasciando a casa la razionalit\u00e0.<\/p>\t\t\t\t\t\t\t\t<\/div>\n\t\t\t\t<\/div>\n\t\t\t\t\t<\/div>\n\t\t<\/div>\n\t\t\t\t\t<\/div>\n\t\t<\/section>\n\t\t\t\t\t<\/div>\n\t\t<\/div>\n\t\t\t\t\t<\/div>\n\t\t<\/section>\n\t\t\t\t<\/div>\n\t\t","protected":false},"excerpt":{"rendered":"<p>26 Marzo 2025 ore 21:00 ARTURO BRACHETTI Solo.The Legend of Quick-change. Arturo Brachetti torna a grande richiesta per l\u2019ottava stagione di Solo the Legend of quick change, one man show del pi\u00f9 grande trasformista al mondo, uno degli spettacoli pi\u00f9 applauditi degli ultimi anni nei teatri italiani ed europei, ogni volta profondamente rivisitato. Protagonista \u00e8 [&hellip;]<\/p>\n","protected":false},"author":1,"featured_media":0,"parent":4118,"menu_order":0,"comment_status":"closed","ping_status":"closed","template":"elementor_header_footer","meta":{"iawp_total_views":14,"footnotes":""},"class_list":["post-4145","page","type-page","status-publish","hentry"],"_links":{"self":[{"href":"https:\/\/www.politeamacatanzaro.net\/index.php?rest_route=\/wp\/v2\/pages\/4145"}],"collection":[{"href":"https:\/\/www.politeamacatanzaro.net\/index.php?rest_route=\/wp\/v2\/pages"}],"about":[{"href":"https:\/\/www.politeamacatanzaro.net\/index.php?rest_route=\/wp\/v2\/types\/page"}],"author":[{"embeddable":true,"href":"https:\/\/www.politeamacatanzaro.net\/index.php?rest_route=\/wp\/v2\/users\/1"}],"replies":[{"embeddable":true,"href":"https:\/\/www.politeamacatanzaro.net\/index.php?rest_route=%2Fwp%2Fv2%2Fcomments&post=4145"}],"version-history":[{"count":10,"href":"https:\/\/www.politeamacatanzaro.net\/index.php?rest_route=\/wp\/v2\/pages\/4145\/revisions"}],"predecessor-version":[{"id":4480,"href":"https:\/\/www.politeamacatanzaro.net\/index.php?rest_route=\/wp\/v2\/pages\/4145\/revisions\/4480"}],"up":[{"embeddable":true,"href":"https:\/\/www.politeamacatanzaro.net\/index.php?rest_route=\/wp\/v2\/pages\/4118"}],"wp:attachment":[{"href":"https:\/\/www.politeamacatanzaro.net\/index.php?rest_route=%2Fwp%2Fv2%2Fmedia&parent=4145"}],"curies":[{"name":"wp","href":"https:\/\/api.w.org\/{rel}","templated":true}]}}